{"id":2,"date":"2025-07-22T10:58:40","date_gmt":"2025-07-22T10:58:40","guid":{"rendered":"https:\/\/iurretakokebap.rkinformatika.online\/?page_id=2"},"modified":"2025-08-05T10:07:28","modified_gmt":"2025-08-05T10:07:28","slug":"inicio","status":"publish","type":"page","link":"https:\/\/iurretakokebap.com\/eu\/","title":{"rendered":"Inicio"},"content":{"rendered":"<div data-elementor-type=\"wp-page\" data-elementor-id=\"2\" class=\"elementor elementor-2\" data-elementor-post-type=\"page\">\n\t\t\t\t<div class=\"elementor-element elementor-element-3fb161c e-flex e-con-boxed e-con e-parent\" data-id=\"3fb161c\" data-element_type=\"container\" data-e-type=\"container\" data-settings=\"{&quot;background_background&quot;:&quot;classic&quot;}\">\n\t\t\t\t\t<div class=\"e-con-inner\">\n\t\t\t\t\t<\/div>\n\t\t\t\t<\/div>\n\t\t<div class=\"elementor-element elementor-element-4487e4f e-flex e-con-boxed e-con e-parent\" data-id=\"4487e4f\" data-element_type=\"container\" data-e-type=\"container\">\n\t\t\t\t\t<div class=\"e-con-inner\">\n\t\t<div class=\"elementor-element elementor-element-0251290 e-con-full e-flex e-con e-child\" data-id=\"0251290\" data-element_type=\"container\" data-e-type=\"container\">\n\t\t\t\t<div class=\"elementor-element elementor-element-7cc8c47 elementor-widget elementor-widget-heading\" data-id=\"7cc8c47\" data-element_type=\"widget\" data-e-type=\"widget\" data-widget_type=\"heading.default\">\n\t\t\t\t\t<h2 class=\"elementor-heading-title elementor-size-default\">Gure historia<\/h2>\t\t\t\t<\/div>\n\t\t\t\t<div class=\"elementor-element elementor-element-e8aad32 elementor-widget elementor-widget-text-editor\" data-id=\"e8aad32\" data-element_type=\"widget\" data-e-type=\"widget\" data-widget_type=\"text-editor.default\">\n\t\t\t\t\t\t\t\t\t<p data-start=\"192\" data-end=\"362\">Iurretako Kebapen duela 2 urte ireki genituen ateak helburu bakar batekin: Durangaldeko jendeari janari azkarra eskaintzea, baina etxean egina, freskoa eta kalitatezkoa.<\/p>\n<p data-start=\"364\" data-end=\"595\">Harrezkero, konfiantzazko leku bihurtu gara aukera zaporetsu, azkar eta desberdin bat bilatzen dutenentzat. Egunero, gure platerak osagai freskoekin prestatzen ditugu, zaporeak zainduz eta tradizioa errespetatuz.<\/p>\n<p data-start=\"597\" data-end=\"733\">Aukera zabala eskaintzen dugu: entsaladak, errazioak, kebabak, durumak... eta askoz gehiago, betiere benetako zaporearekin.<\/p>\n<p data-start=\"735\" data-end=\"864\">Gure bezeroen fideltasunari eta ahoz ahokoari esker, hazten eta hobetzen jarraitzen dugu, lehen eguneko grina berarekin.<\/p>\t\t\t\t\t\t\t\t<\/div>\n\t\t\t\t<\/div>\n\t\t<div class=\"elementor-element elementor-element-f143551 e-con-full e-flex e-con e-child\" data-id=\"f143551\" data-element_type=\"container\" data-e-type=\"container\">\n\t\t\t\t<div class=\"elementor-element elementor-element-94f6ede animated-slow elementor-invisible elementor-widget elementor-widget-image\" data-id=\"94f6ede\" data-element_type=\"widget\" data-e-type=\"widget\" data-settings=\"{&quot;_animation&quot;:&quot;rotateIn&quot;}\" data-widget_type=\"image.default\">\n\t\t\t\t\t\t\t\t\t\t\t\t\t\t\t<img fetchpriority=\"high\" decoding=\"async\" width=\"534\" height=\"510\" src=\"https:\/\/iurretakokebap.com\/wp-content\/uploads\/2025\/08\/2023-11-29-1.webp\" class=\"attachment-full size-full wp-image-435\" alt=\"\" srcset=\"https:\/\/iurretakokebap.com\/wp-content\/uploads\/2025\/08\/2023-11-29-1.webp 534w, https:\/\/iurretakokebap.com\/wp-content\/uploads\/2025\/08\/2023-11-29-1-300x287.webp 300w, https:\/\/iurretakokebap.com\/wp-content\/uploads\/2025\/08\/2023-11-29-1-13x12.webp 13w\" sizes=\"(max-width: 534px) 100vw, 534px\" \/>\t\t\t\t\t\t\t\t\t\t\t\t\t\t\t<\/div>\n\t\t\t\t<\/div>\n\t\t\t\t\t<\/div>\n\t\t\t\t<\/div>\n\t\t<div class=\"elementor-element elementor-element-d6fb354 e-flex e-con-boxed e-con e-parent\" data-id=\"d6fb354\" data-element_type=\"container\" data-e-type=\"container\" data-settings=\"{&quot;background_background&quot;:&quot;classic&quot;}\">\n\t\t\t\t\t<div class=\"e-con-inner\">\n\t\t<div class=\"elementor-element elementor-element-ae07d61 e-con-full e-flex e-con e-child\" data-id=\"ae07d61\" data-element_type=\"container\" data-e-type=\"container\" data-settings=\"{&quot;background_background&quot;:&quot;classic&quot;}\">\n\t\t\t\t<div class=\"elementor-element elementor-element-9d5459c elementor-widget__width-initial animated-slow elementor-invisible elementor-widget elementor-widget-heading\" data-id=\"9d5459c\" data-element_type=\"widget\" data-e-type=\"widget\" data-settings=\"{&quot;_animation&quot;:&quot;fadeInLeft&quot;}\" data-widget_type=\"heading.default\">\n\t\t\t\t\t<h2 class=\"elementor-heading-title elementor-size-default\">Egin zure eskaera!<\/h2>\t\t\t\t<\/div>\n\t\t\t\t<div class=\"elementor-element elementor-element-c3e5e26 elementor-align-center animated-slow elementor-widget__width-initial elementor-invisible elementor-widget elementor-widget-button\" data-id=\"c3e5e26\" data-element_type=\"widget\" data-e-type=\"widget\" data-settings=\"{&quot;_animation&quot;:&quot;fadeInLeft&quot;,&quot;_animation_delay&quot;:200}\" data-widget_type=\"button.default\">\n\t\t\t\t\t\t\t\t\t\t<a class=\"elementor-button elementor-button-link elementor-size-sm\" href=\"https:\/\/iurretakokebap.com\/eu\/carta\/\">\n\t\t\t\t\t\t<span class=\"elementor-button-content-wrapper\">\n\t\t\t\t\t\t\t\t\t<span class=\"elementor-button-text\">Ikusi gutuna<\/span>\n\t\t\t\t\t<\/span>\n\t\t\t\t\t<\/a>\n\t\t\t\t\t\t\t\t<\/div>\n\t\t\t\t<\/div>\n\t\t\t\t\t<\/div>\n\t\t\t\t<\/div>\n\t\t<div class=\"elementor-element elementor-element-a2d7e22 e-flex e-con-boxed e-con e-parent\" data-id=\"a2d7e22\" data-element_type=\"container\" data-e-type=\"container\">\n\t\t\t\t\t<div class=\"e-con-inner\">\n\t\t\t\t<div class=\"elementor-element elementor-element-306a584 elementor-widget elementor-widget-gallery\" data-id=\"306a584\" data-element_type=\"widget\" data-e-type=\"widget\" data-settings=\"{&quot;columns_tablet&quot;:4,&quot;lazyload&quot;:&quot;yes&quot;,&quot;gallery_layout&quot;:&quot;grid&quot;,&quot;columns&quot;:4,&quot;columns_mobile&quot;:1,&quot;gap&quot;:{&quot;unit&quot;:&quot;px&quot;,&quot;size&quot;:10,&quot;sizes&quot;:[]},&quot;gap_tablet&quot;:{&quot;unit&quot;:&quot;px&quot;,&quot;size&quot;:10,&quot;sizes&quot;:[]},&quot;gap_mobile&quot;:{&quot;unit&quot;:&quot;px&quot;,&quot;size&quot;:10,&quot;sizes&quot;:[]},&quot;link_to&quot;:&quot;file&quot;,&quot;aspect_ratio&quot;:&quot;3:2&quot;,&quot;overlay_background&quot;:&quot;yes&quot;,&quot;content_hover_animation&quot;:&quot;fade-in&quot;}\" data-widget_type=\"gallery.default\">\n\t\t\t\t\t\t\t<div class=\"elementor-gallery__container\">\n\t\t\t\t\t\t\t<a class=\"e-gallery-item elementor-gallery-item elementor-animated-content\" href=\"https:\/\/iurretakokebap.com\/wp-content\/uploads\/2025\/08\/2023-12-04.webp\" data-elementor-open-lightbox=\"yes\" data-elementor-lightbox-slideshow=\"306a584\" data-elementor-lightbox-title=\"2023-12-04\" data-e-action-hash=\"#elementor-action%3Aaction%3Dlightbox%26settings%3DeyJpZCI6NDM2LCJ1cmwiOiJodHRwczpcL1wvaXVycmV0YWtva2ViYXAuY29tXC93cC1jb250ZW50XC91cGxvYWRzXC8yMDI1XC8wOFwvMjAyMy0xMi0wNC53ZWJwIiwic2xpZGVzaG93IjoiMzA2YTU4NCJ9\">\n\t\t\t\t\t<div class=\"e-gallery-image elementor-gallery-item__image\" data-thumbnail=\"https:\/\/iurretakokebap.com\/wp-content\/uploads\/2025\/08\/2023-12-04.webp\" data-width=\"680\" data-height=\"383\" aria-label=\"\" role=\"img\" ><\/div>\n\t\t\t\t\t\t\t\t\t\t\t<div class=\"elementor-gallery-item__overlay\"><\/div>\n\t\t\t\t\t\t\t\t\t\t\t\t\t\t<\/a>\n\t\t\t\t\t\t\t<a class=\"e-gallery-item elementor-gallery-item elementor-animated-content\" href=\"https:\/\/iurretakokebap.com\/wp-content\/uploads\/2025\/08\/2023-11-29-1.webp\" data-elementor-open-lightbox=\"yes\" data-elementor-lightbox-slideshow=\"306a584\" data-elementor-lightbox-title=\"2023-11-29 (1)\" data-e-action-hash=\"#elementor-action%3Aaction%3Dlightbox%26settings%3DeyJpZCI6NDM1LCJ1cmwiOiJodHRwczpcL1wvaXVycmV0YWtva2ViYXAuY29tXC93cC1jb250ZW50XC91cGxvYWRzXC8yMDI1XC8wOFwvMjAyMy0xMS0yOS0xLndlYnAiLCJzbGlkZXNob3ciOiIzMDZhNTg0In0%3D\">\n\t\t\t\t\t<div class=\"e-gallery-image elementor-gallery-item__image\" data-thumbnail=\"https:\/\/iurretakokebap.com\/wp-content\/uploads\/2025\/08\/2023-11-29-1.webp\" data-width=\"534\" data-height=\"510\" aria-label=\"\" role=\"img\" ><\/div>\n\t\t\t\t\t\t\t\t\t\t\t<div class=\"elementor-gallery-item__overlay\"><\/div>\n\t\t\t\t\t\t\t\t\t\t\t\t\t\t<\/a>\n\t\t\t\t\t\t\t<a class=\"e-gallery-item elementor-gallery-item elementor-animated-content\" href=\"https:\/\/iurretakokebap.com\/wp-content\/uploads\/2025\/08\/2023-11-29.webp\" data-elementor-open-lightbox=\"yes\" data-elementor-lightbox-slideshow=\"306a584\" data-elementor-lightbox-title=\"2023-11-29\" data-e-action-hash=\"#elementor-action%3Aaction%3Dlightbox%26settings%3DeyJpZCI6NDM0LCJ1cmwiOiJodHRwczpcL1wvaXVycmV0YWtva2ViYXAuY29tXC93cC1jb250ZW50XC91cGxvYWRzXC8yMDI1XC8wOFwvMjAyMy0xMS0yOS53ZWJwIiwic2xpZGVzaG93IjoiMzA2YTU4NCJ9\">\n\t\t\t\t\t<div class=\"e-gallery-image elementor-gallery-item__image\" data-thumbnail=\"https:\/\/iurretakokebap.com\/wp-content\/uploads\/2025\/08\/2023-11-29.webp\" data-width=\"680\" data-height=\"510\" aria-label=\"\" role=\"img\" ><\/div>\n\t\t\t\t\t\t\t\t\t\t\t<div class=\"elementor-gallery-item__overlay\"><\/div>\n\t\t\t\t\t\t\t\t\t\t\t\t\t\t<\/a>\n\t\t\t\t\t\t\t<a class=\"e-gallery-item elementor-gallery-item elementor-animated-content\" href=\"https:\/\/iurretakokebap.com\/wp-content\/uploads\/2025\/08\/2023-12-07.webp\" data-elementor-open-lightbox=\"yes\" data-elementor-lightbox-slideshow=\"306a584\" data-elementor-lightbox-title=\"2023-12-07\" data-e-action-hash=\"#elementor-action%3Aaction%3Dlightbox%26settings%3DeyJpZCI6NDM3LCJ1cmwiOiJodHRwczpcL1wvaXVycmV0YWtva2ViYXAuY29tXC93cC1jb250ZW50XC91cGxvYWRzXC8yMDI1XC8wOFwvMjAyMy0xMi0wNy53ZWJwIiwic2xpZGVzaG93IjoiMzA2YTU4NCJ9\">\n\t\t\t\t\t<div class=\"e-gallery-image elementor-gallery-item__image\" data-thumbnail=\"https:\/\/iurretakokebap.com\/wp-content\/uploads\/2025\/08\/2023-12-07.webp\" data-width=\"680\" data-height=\"510\" aria-label=\"\" role=\"img\" ><\/div>\n\t\t\t\t\t\t\t\t\t\t\t<div class=\"elementor-gallery-item__overlay\"><\/div>\n\t\t\t\t\t\t\t\t\t\t\t\t\t\t<\/a>\n\t\t\t\t\t\t\t<a class=\"e-gallery-item elementor-gallery-item elementor-animated-content\" href=\"https:\/\/iurretakokebap.com\/wp-content\/uploads\/2025\/08\/2023-12-07-1.webp\" data-elementor-open-lightbox=\"yes\" data-elementor-lightbox-slideshow=\"306a584\" data-elementor-lightbox-title=\"2023-12-07 (1)\" data-e-action-hash=\"#elementor-action%3Aaction%3Dlightbox%26settings%3DeyJpZCI6NDM4LCJ1cmwiOiJodHRwczpcL1wvaXVycmV0YWtva2ViYXAuY29tXC93cC1jb250ZW50XC91cGxvYWRzXC8yMDI1XC8wOFwvMjAyMy0xMi0wNy0xLndlYnAiLCJzbGlkZXNob3ciOiIzMDZhNTg0In0%3D\">\n\t\t\t\t\t<div class=\"e-gallery-image elementor-gallery-item__image\" data-thumbnail=\"https:\/\/iurretakokebap.com\/wp-content\/uploads\/2025\/08\/2023-12-07-1.webp\" data-width=\"680\" data-height=\"510\" aria-label=\"\" role=\"img\" ><\/div>\n\t\t\t\t\t\t\t\t\t\t\t<div class=\"elementor-gallery-item__overlay\"><\/div>\n\t\t\t\t\t\t\t\t\t\t\t\t\t\t<\/a>\n\t\t\t\t\t\t\t<a class=\"e-gallery-item elementor-gallery-item elementor-animated-content\" href=\"https:\/\/iurretakokebap.com\/wp-content\/uploads\/2025\/08\/2023-12-19.webp\" data-elementor-open-lightbox=\"yes\" data-elementor-lightbox-slideshow=\"306a584\" data-elementor-lightbox-title=\"2023-12-19\" data-e-action-hash=\"#elementor-action%3Aaction%3Dlightbox%26settings%3DeyJpZCI6NDQwLCJ1cmwiOiJodHRwczpcL1wvaXVycmV0YWtva2ViYXAuY29tXC93cC1jb250ZW50XC91cGxvYWRzXC8yMDI1XC8wOFwvMjAyMy0xMi0xOS53ZWJwIiwic2xpZGVzaG93IjoiMzA2YTU4NCJ9\">\n\t\t\t\t\t<div class=\"e-gallery-image elementor-gallery-item__image\" data-thumbnail=\"https:\/\/iurretakokebap.com\/wp-content\/uploads\/2025\/08\/2023-12-19.webp\" data-width=\"680\" data-height=\"317\" aria-label=\"\" role=\"img\" ><\/div>\n\t\t\t\t\t\t\t\t\t\t\t<div class=\"elementor-gallery-item__overlay\"><\/div>\n\t\t\t\t\t\t\t\t\t\t\t\t\t\t<\/a>\n\t\t\t\t\t\t\t<a class=\"e-gallery-item elementor-gallery-item elementor-animated-content\" href=\"https:\/\/iurretakokebap.com\/wp-content\/uploads\/2025\/08\/2025-02-25.webp\" data-elementor-open-lightbox=\"yes\" data-elementor-lightbox-slideshow=\"306a584\" data-elementor-lightbox-title=\"2025-02-25\" data-e-action-hash=\"#elementor-action%3Aaction%3Dlightbox%26settings%3DeyJpZCI6NDQxLCJ1cmwiOiJodHRwczpcL1wvaXVycmV0YWtva2ViYXAuY29tXC93cC1jb250ZW50XC91cGxvYWRzXC8yMDI1XC8wOFwvMjAyNS0wMi0yNS53ZWJwIiwic2xpZGVzaG93IjoiMzA2YTU4NCJ9\">\n\t\t\t\t\t<div class=\"e-gallery-image elementor-gallery-item__image\" data-thumbnail=\"https:\/\/iurretakokebap.com\/wp-content\/uploads\/2025\/08\/2025-02-25.webp\" data-width=\"680\" data-height=\"453\" aria-label=\"\" role=\"img\" ><\/div>\n\t\t\t\t\t\t\t\t\t\t\t<div class=\"elementor-gallery-item__overlay\"><\/div>\n\t\t\t\t\t\t\t\t\t\t\t\t\t\t<\/a>\n\t\t\t\t\t\t\t<a class=\"e-gallery-item elementor-gallery-item elementor-animated-content\" href=\"https:\/\/iurretakokebap.com\/wp-content\/uploads\/2025\/08\/unnamed.webp\" data-elementor-open-lightbox=\"yes\" data-elementor-lightbox-slideshow=\"306a584\" data-elementor-lightbox-title=\"unnamed\" data-e-action-hash=\"#elementor-action%3Aaction%3Dlightbox%26settings%3DeyJpZCI6NDQzLCJ1cmwiOiJodHRwczpcL1wvaXVycmV0YWtva2ViYXAuY29tXC93cC1jb250ZW50XC91cGxvYWRzXC8yMDI1XC8wOFwvdW5uYW1lZC53ZWJwIiwic2xpZGVzaG93IjoiMzA2YTU4NCJ9\">\n\t\t\t\t\t<div class=\"e-gallery-image elementor-gallery-item__image\" data-thumbnail=\"https:\/\/iurretakokebap.com\/wp-content\/uploads\/2025\/08\/unnamed.webp\" data-width=\"680\" data-height=\"510\" aria-label=\"\" role=\"img\" ><\/div>\n\t\t\t\t\t\t\t\t\t\t\t<div class=\"elementor-gallery-item__overlay\"><\/div>\n\t\t\t\t\t\t\t\t\t\t\t\t\t\t<\/a>\n\t\t\t\t\t\t\t<a class=\"e-gallery-item elementor-gallery-item elementor-animated-content\" href=\"https:\/\/iurretakokebap.com\/wp-content\/uploads\/2025\/08\/2023-12-07-2.webp\" data-elementor-open-lightbox=\"yes\" data-elementor-lightbox-slideshow=\"306a584\" data-elementor-lightbox-title=\"2023-12-07 (2)\" data-e-action-hash=\"#elementor-action%3Aaction%3Dlightbox%26settings%3DeyJpZCI6NDM5LCJ1cmwiOiJodHRwczpcL1wvaXVycmV0YWtva2ViYXAuY29tXC93cC1jb250ZW50XC91cGxvYWRzXC8yMDI1XC8wOFwvMjAyMy0xMi0wNy0yLndlYnAiLCJzbGlkZXNob3ciOiIzMDZhNTg0In0%3D\">\n\t\t\t\t\t<div class=\"e-gallery-image elementor-gallery-item__image\" data-thumbnail=\"https:\/\/iurretakokebap.com\/wp-content\/uploads\/2025\/08\/2023-12-07-2.webp\" data-width=\"680\" data-height=\"510\" aria-label=\"\" role=\"img\" ><\/div>\n\t\t\t\t\t\t\t\t\t\t\t<div class=\"elementor-gallery-item__overlay\"><\/div>\n\t\t\t\t\t\t\t\t\t\t\t\t\t\t<\/a>\n\t\t\t\t\t\t\t<a class=\"e-gallery-item elementor-gallery-item elementor-animated-content\" href=\"https:\/\/iurretakokebap.com\/wp-content\/uploads\/2025\/08\/2025-02-25-1.webp\" data-elementor-open-lightbox=\"yes\" data-elementor-lightbox-slideshow=\"306a584\" data-elementor-lightbox-title=\"2025-02-25 (1)\" data-e-action-hash=\"#elementor-action%3Aaction%3Dlightbox%26settings%3DeyJpZCI6NDQyLCJ1cmwiOiJodHRwczpcL1wvaXVycmV0YWtva2ViYXAuY29tXC93cC1jb250ZW50XC91cGxvYWRzXC8yMDI1XC8wOFwvMjAyNS0wMi0yNS0xLndlYnAiLCJzbGlkZXNob3ciOiIzMDZhNTg0In0%3D\">\n\t\t\t\t\t<div class=\"e-gallery-image elementor-gallery-item__image\" data-thumbnail=\"https:\/\/iurretakokebap.com\/wp-content\/uploads\/2025\/08\/2025-02-25-1.webp\" data-width=\"680\" data-height=\"347\" aria-label=\"\" role=\"img\" ><\/div>\n\t\t\t\t\t\t\t\t\t\t\t<div class=\"elementor-gallery-item__overlay\"><\/div>\n\t\t\t\t\t\t\t\t\t\t\t\t\t\t<\/a>\n\t\t\t\t\t<\/div>\n\t\t\t\t\t<\/div>\n\t\t\t\t\t<\/div>\n\t\t\t\t<\/div>\n\t\t\t\t<\/div>","protected":false},"excerpt":{"rendered":"<p>Nuestra Historia En Iurretako Kebap abrimos nuestras puertas hace 2 a\u00f1os con un solo objetivo: ofrecer al p\u00fablico de Durangaldea comida r\u00e1pida, pero casera, fresca y de calidad. Desde entonces, nos hemos convertido en un lugar de confianza para quienes buscan una opci\u00f3n sabrosa, r\u00e1pida y diferente. Cada d\u00eda preparamos nuestros platos con ingredientes frescos, [&hellip;]<\/p>\n","protected":false},"author":1,"featured_media":0,"parent":0,"menu_order":0,"comment_status":"closed","ping_status":"closed","template":"elementor_canvas","meta":{"footnotes":""},"class_list":["post-2","page","type-page","status-publish","hentry"],"yoast_head":"<!-- This site is optimized with the Yoast SEO plugin v27.4 - https:\/\/yoast.com\/product\/yoast-seo-wordpress\/ -->\n<title>Inicio - Iurretako Kebap<\/title>\n<meta name=\"robots\" content=\"index, follow, max-snippet:-1, max-image-preview:large, max-video-preview:-1\" \/>\n<link rel=\"canonical\" href=\"https:\/\/iurretakokebap.com\/eu\/\" \/>\n<meta property=\"og:locale\" content=\"en_US\" \/>\n<meta property=\"og:type\" content=\"article\" \/>\n<meta property=\"og:title\" content=\"Inicio - Iurretako Kebap\" \/>\n<meta property=\"og:description\" content=\"Nuestra Historia En Iurretako Kebap abrimos nuestras puertas hace 2 a\u00f1os con un solo objetivo: ofrecer al p\u00fablico de Durangaldea comida r\u00e1pida, pero casera, fresca y de calidad. Desde entonces, nos hemos convertido en un lugar de confianza para quienes buscan una opci\u00f3n sabrosa, r\u00e1pida y diferente. Cada d\u00eda preparamos nuestros platos con ingredientes frescos, [&hellip;]\" \/>\n<meta property=\"og:url\" content=\"https:\/\/iurretakokebap.com\/eu\/\" \/>\n<meta property=\"og:site_name\" content=\"Iurretako Kebap\" \/>\n<meta property=\"article:modified_time\" content=\"2025-08-05T10:07:28+00:00\" \/>\n<meta property=\"og:image\" content=\"https:\/\/iurretakokebap.com\/wp-content\/uploads\/2025\/08\/2023-11-29-1.webp\" \/>\n<meta name=\"twitter:card\" content=\"summary_large_image\" \/>\n<meta name=\"twitter:label1\" content=\"Est. reading time\" \/>\n\t<meta name=\"twitter:data1\" content=\"1 minutua\" \/>\n<script type=\"application\/ld+json\" class=\"yoast-schema-graph\">{\"@context\":\"https:\\\/\\\/schema.org\",\"@graph\":[{\"@type\":\"WebPage\",\"@id\":\"https:\\\/\\\/iurretakokebap.com\\\/\",\"url\":\"https:\\\/\\\/iurretakokebap.com\\\/\",\"name\":\"Inicio - Iurretako Kebap\",\"isPartOf\":{\"@id\":\"https:\\\/\\\/iurretakokebap.com\\\/#website\"},\"primaryImageOfPage\":{\"@id\":\"https:\\\/\\\/iurretakokebap.com\\\/#primaryimage\"},\"image\":{\"@id\":\"https:\\\/\\\/iurretakokebap.com\\\/#primaryimage\"},\"thumbnailUrl\":\"https:\\\/\\\/iurretakokebap.com\\\/wp-content\\\/uploads\\\/2025\\\/08\\\/2023-11-29-1.webp\",\"datePublished\":\"2025-07-22T10:58:40+00:00\",\"dateModified\":\"2025-08-05T10:07:28+00:00\",\"breadcrumb\":{\"@id\":\"https:\\\/\\\/iurretakokebap.com\\\/#breadcrumb\"},\"inLanguage\":\"eu\",\"potentialAction\":[{\"@type\":\"ReadAction\",\"target\":[\"https:\\\/\\\/iurretakokebap.com\\\/\"]}]},{\"@type\":\"ImageObject\",\"inLanguage\":\"eu\",\"@id\":\"https:\\\/\\\/iurretakokebap.com\\\/#primaryimage\",\"url\":\"https:\\\/\\\/iurretakokebap.com\\\/wp-content\\\/uploads\\\/2025\\\/08\\\/2023-11-29-1.webp\",\"contentUrl\":\"https:\\\/\\\/iurretakokebap.com\\\/wp-content\\\/uploads\\\/2025\\\/08\\\/2023-11-29-1.webp\"},{\"@type\":\"BreadcrumbList\",\"@id\":\"https:\\\/\\\/iurretakokebap.com\\\/#breadcrumb\",\"itemListElement\":[{\"@type\":\"ListItem\",\"position\":1,\"name\":\"Portada\",\"item\":\"https:\\\/\\\/iurretakokebap.com\\\/\"},{\"@type\":\"ListItem\",\"position\":2,\"name\":\"Inicio\"}]},{\"@type\":\"WebSite\",\"@id\":\"https:\\\/\\\/iurretakokebap.com\\\/#website\",\"url\":\"https:\\\/\\\/iurretakokebap.com\\\/\",\"name\":\"Iurretako Kebap\",\"description\":\"Ensaladas, Raciones, Kebab\u2019s, Durum\u2019s\u2026 y mucho mas.\",\"publisher\":{\"@id\":\"https:\\\/\\\/iurretakokebap.com\\\/#organization\"},\"potentialAction\":[{\"@type\":\"SearchAction\",\"target\":{\"@type\":\"EntryPoint\",\"urlTemplate\":\"https:\\\/\\\/iurretakokebap.com\\\/?s={search_term_string}\"},\"query-input\":{\"@type\":\"PropertyValueSpecification\",\"valueRequired\":true,\"valueName\":\"search_term_string\"}}],\"inLanguage\":\"eu\"},{\"@type\":\"Organization\",\"@id\":\"https:\\\/\\\/iurretakokebap.com\\\/#organization\",\"name\":\"Iurretako Kebap\",\"url\":\"https:\\\/\\\/iurretakokebap.com\\\/\",\"logo\":{\"@type\":\"ImageObject\",\"inLanguage\":\"eu\",\"@id\":\"https:\\\/\\\/iurretakokebap.com\\\/#\\\/schema\\\/logo\\\/image\\\/\",\"url\":\"https:\\\/\\\/iurretakokebap.com\\\/wp-content\\\/uploads\\\/2025\\\/07\\\/cropped-30325563V-01.png\",\"contentUrl\":\"https:\\\/\\\/iurretakokebap.com\\\/wp-content\\\/uploads\\\/2025\\\/07\\\/cropped-30325563V-01.png\",\"width\":436,\"height\":109,\"caption\":\"Iurretako Kebap\"},\"image\":{\"@id\":\"https:\\\/\\\/iurretakokebap.com\\\/#\\\/schema\\\/logo\\\/image\\\/\"}}]}<\/script>\n<!-- \/ Yoast SEO plugin. -->","yoast_head_json":{"title":"Inicio - Iurretako Kebap","robots":{"index":"index","follow":"follow","max-snippet":"max-snippet:-1","max-image-preview":"max-image-preview:large","max-video-preview":"max-video-preview:-1"},"canonical":"https:\/\/iurretakokebap.com\/eu\/","og_locale":"en_US","og_type":"article","og_title":"Inicio - Iurretako Kebap","og_description":"Nuestra Historia En Iurretako Kebap abrimos nuestras puertas hace 2 a\u00f1os con un solo objetivo: ofrecer al p\u00fablico de Durangaldea comida r\u00e1pida, pero casera, fresca y de calidad. Desde entonces, nos hemos convertido en un lugar de confianza para quienes buscan una opci\u00f3n sabrosa, r\u00e1pida y diferente. Cada d\u00eda preparamos nuestros platos con ingredientes frescos, [&hellip;]","og_url":"https:\/\/iurretakokebap.com\/eu\/","og_site_name":"Iurretako Kebap","article_modified_time":"2025-08-05T10:07:28+00:00","og_image":[{"url":"https:\/\/iurretakokebap.com\/wp-content\/uploads\/2025\/08\/2023-11-29-1.webp","type":"","width":"","height":""}],"twitter_card":"summary_large_image","twitter_misc":{"Est. reading time":"1 minutua"},"schema":{"@context":"https:\/\/schema.org","@graph":[{"@type":"WebPage","@id":"https:\/\/iurretakokebap.com\/","url":"https:\/\/iurretakokebap.com\/","name":"Inicio - Iurretako Kebap","isPartOf":{"@id":"https:\/\/iurretakokebap.com\/#website"},"primaryImageOfPage":{"@id":"https:\/\/iurretakokebap.com\/#primaryimage"},"image":{"@id":"https:\/\/iurretakokebap.com\/#primaryimage"},"thumbnailUrl":"https:\/\/iurretakokebap.com\/wp-content\/uploads\/2025\/08\/2023-11-29-1.webp","datePublished":"2025-07-22T10:58:40+00:00","dateModified":"2025-08-05T10:07:28+00:00","breadcrumb":{"@id":"https:\/\/iurretakokebap.com\/#breadcrumb"},"inLanguage":"eu","potentialAction":[{"@type":"ReadAction","target":["https:\/\/iurretakokebap.com\/"]}]},{"@type":"ImageObject","inLanguage":"eu","@id":"https:\/\/iurretakokebap.com\/#primaryimage","url":"https:\/\/iurretakokebap.com\/wp-content\/uploads\/2025\/08\/2023-11-29-1.webp","contentUrl":"https:\/\/iurretakokebap.com\/wp-content\/uploads\/2025\/08\/2023-11-29-1.webp"},{"@type":"BreadcrumbList","@id":"https:\/\/iurretakokebap.com\/#breadcrumb","itemListElement":[{"@type":"ListItem","position":1,"name":"Portada","item":"https:\/\/iurretakokebap.com\/"},{"@type":"ListItem","position":2,"name":"Inicio"}]},{"@type":"WebSite","@id":"https:\/\/iurretakokebap.com\/#website","url":"https:\/\/iurretakokebap.com\/","name":"Iurretako Kebap","description":"Ensaladas, Raciones, Kebab\u2019s, Durum\u2019s\u2026 y mucho mas.","publisher":{"@id":"https:\/\/iurretakokebap.com\/#organization"},"potentialAction":[{"@type":"SearchAction","target":{"@type":"EntryPoint","urlTemplate":"https:\/\/iurretakokebap.com\/?s={search_term_string}"},"query-input":{"@type":"PropertyValueSpecification","valueRequired":true,"valueName":"search_term_string"}}],"inLanguage":"eu"},{"@type":"Organization","@id":"https:\/\/iurretakokebap.com\/#organization","name":"Iurretako Kebap","url":"https:\/\/iurretakokebap.com\/","logo":{"@type":"ImageObject","inLanguage":"eu","@id":"https:\/\/iurretakokebap.com\/#\/schema\/logo\/image\/","url":"https:\/\/iurretakokebap.com\/wp-content\/uploads\/2025\/07\/cropped-30325563V-01.png","contentUrl":"https:\/\/iurretakokebap.com\/wp-content\/uploads\/2025\/07\/cropped-30325563V-01.png","width":436,"height":109,"caption":"Iurretako Kebap"},"image":{"@id":"https:\/\/iurretakokebap.com\/#\/schema\/logo\/image\/"}}]}},"_links":{"self":[{"href":"https:\/\/iurretakokebap.com\/eu\/wp-json\/wp\/v2\/pages\/2","targetHints":{"allow":["GET"]}}],"collection":[{"href":"https:\/\/iurretakokebap.com\/eu\/wp-json\/wp\/v2\/pages"}],"about":[{"href":"https:\/\/iurretakokebap.com\/eu\/wp-json\/wp\/v2\/types\/page"}],"author":[{"embeddable":true,"href":"https:\/\/iurretakokebap.com\/eu\/wp-json\/wp\/v2\/users\/1"}],"replies":[{"embeddable":true,"href":"https:\/\/iurretakokebap.com\/eu\/wp-json\/wp\/v2\/comments?post=2"}],"version-history":[{"count":73,"href":"https:\/\/iurretakokebap.com\/eu\/wp-json\/wp\/v2\/pages\/2\/revisions"}],"predecessor-version":[{"id":489,"href":"https:\/\/iurretakokebap.com\/eu\/wp-json\/wp\/v2\/pages\/2\/revisions\/489"}],"wp:attachment":[{"href":"https:\/\/iurretakokebap.com\/eu\/wp-json\/wp\/v2\/media?parent=2"}],"curies":[{"name":"wp","href":"https:\/\/api.w.org\/{rel}","templated":true}]}}